 
 {"id":539,"date":"2016-12-20T12:14:24","date_gmt":"2016-12-20T12:14:24","guid":{"rendered":"http:\/\/test.mobyte.es\/grupofuertes\/conocenos\/?lang=en"},"modified":"2023-09-27T10:24:07","modified_gmt":"2023-09-27T10:24:07","slug":"conocenos","status":"publish","type":"page","link":"https:\/\/www.grupofuertes.com\/en\/conocenos\/","title":{"rendered":"About us"},"content":{"rendered":"<div id=\"pl-539\"  class=\"panel-layout\" ><div id=\"pg-539-0\"  class=\"panel-grid panel-has-style\" ><div class=\"siteorigin-panels-stretch panel-row-style panel-row-style-for-539-0\" data-stretch-type=\"full\" ><div id=\"pgc-539-0-0\"  class=\"panel-grid-cell\" ><div id=\"panel-539-0-0-0\" class=\"so-panel widget widget_informacion_widget panel-first-child panel-last-child\" data-index=\"0\" ><div\n\t\t\t\n\t\t\tclass=\"so-widget-informacion_widget so-widget-informacion_widget-base\"\n\t\t\t\n\t\t>\n\t<!-- CON IMAGEN ------------>\n\n\t<div class=\"\">\n\n\t\t<div class=\"widget-informacion2\">\n\t\t\t<h3>Our holding company<\/h3>\t\t\t\t\t\t<div class=\"texto  two-column\">\n\t\t\t\tWe are one of Spain\u2019s main business groups managing around twenty companies strategically organised in two large business areas.\nThe holding company is made up of a strong agro-food core and a collection of diversified investments which guarantee its financial soundness and future. More than 8000 professionals strive every day to continuously respond to our customers and consumer\u2019s demands and ensure the products and services we offer are of the highest quality. \n\t\t\t<\/div>\n\t\t\t\t\t<\/div>\n\n\t<\/div>\n\n<\/div><\/div><\/div><\/div><\/div><div id=\"pg-539-1\"  class=\"panel-grid panel-has-style\" ><div class=\"siteorigin-panels-stretch panel-row-style panel-row-style-for-539-1\" data-stretch-type=\"full-stretched\" ><div id=\"pgc-539-1-0\"  class=\"panel-grid-cell\" ><div id=\"panel-539-1-0-0\" class=\"so-panel widget widget_text_img_overlay_widget panel-first-child panel-last-child\" data-index=\"1\" ><div\n\t\t\t\n\t\t\tclass=\"so-widget-text_img_overlay_widget so-widget-text_img_overlay_widget-base\"\n\t\t\t\n\t\t>\n<div class=\"text-img-overlay-widget\" style=\"background-image: url('https:\/\/www.grupofuertes.com\/wp-content\/uploads\/2016\/12\/background-copy@2x.png')\">\n\t<div class=\"overlay\" style=\"background-color: rgba(88, 37, 38, 0.8);\">\t\n\t<\/div>\n\t<div class=\"container\" style=\"padding: 40px;\">\n\t\t<div class=\"content\">\n\t\t\t<h2 class=\"title\">Our philosophy<\/h2>\n\t\t\t<h3 class=\"subtitle\">Excellence and Competitiveness<\/h3>\n\t\t\t<div class=\"texto\">\n\t\t\t\t<p style=\"text-align: center;\">Our philosophy is based on competitiveness, reinvestment, job creation and sustainable development. All the companies in the group share a strategy of service, excellence, investment and efficiency, focussed on our customers\u2019 complete satisfaction. We combine the company\u2019s economic success with sustainable development, which means we take decisions based not only on financial criteria, but also on social and environmental criteria. \n<\/p>\t\t\t<\/div>\n\t\t<\/div>\n\t<\/div>\n<\/div>\n\n<\/div><\/div><\/div><\/div><\/div><div id=\"pg-539-2\"  class=\"panel-grid panel-has-style\" ><div class=\"siteorigin-panels-stretch panel-row-style panel-row-style-for-539-2\" data-stretch-type=\"full\" ><div id=\"pgc-539-2-0\"  class=\"panel-grid-cell\" ><div id=\"panel-539-2-0-0\" class=\"so-panel widget widget_informacion_widget panel-first-child panel-last-child\" data-index=\"2\" ><div class=\"panel-widget-style panel-widget-style-for-539-2-0-0\" ><div\n\t\t\t\n\t\t\tclass=\"so-widget-informacion_widget so-widget-informacion_widget-base\"\n\t\t\t\n\t\t>\n\t<!-- CON IMAGEN ------------>\n\n\t<div class=\"\">\n\n\t\t<div class=\"widget-informacion2\">\n\t\t\t<h3>Mission<\/h3>\t\t\t\t\t\t<div class=\"texto  \">\n\t\t\t\tOur maxim is to focus our activity towards society via a sustainable, efficient and profitable business management model, which gives added value to all our stakeholders and generates wealth via job creation. \n\nWe do this through excellence, innovation and technological development in the execution of all the activities undertaken by our different business lines. \n\nFurthermore, we are constantly in touch with our customers and focus our effort and guide our growth on the basis of their concerns. We adapt to meet their needs and make them our raison d'\u00eatre.\n\t\t\t<\/div>\n\t\t\t\t\t<\/div>\n\n\t<\/div>\n\n<\/div><\/div><\/div><\/div><div id=\"pgc-539-2-1\"  class=\"panel-grid-cell\" ><div id=\"panel-539-2-1-0\" class=\"so-panel widget widget_informacion_widget panel-first-child panel-last-child\" data-index=\"3\" ><div class=\"panel-widget-style panel-widget-style-for-539-2-1-0\" ><div\n\t\t\t\n\t\t\tclass=\"so-widget-informacion_widget so-widget-informacion_widget-base\"\n\t\t\t\n\t\t>\n\t<!-- CON IMAGEN ------------>\n\n\t<div class=\"\">\n\n\t\t<div class=\"widget-informacion2\">\n\t\t\t<h3>Vision<\/h3>\t\t\t\t\t\t<div class=\"texto  \">\n\t\t\t\tWe want to continue being an integrated and diversified benchmark for society, which, aware of new social needs, pursues sustainable development with the sole purpose of contributing to a better future, guaranteeing logical, serious and responsible decision-making in all our activities and ensuring that the people who interact with us are satisfied. \t\t\t<\/div>\n\t\t\t\t\t<\/div>\n\n\t<\/div>\n\n<\/div><\/div><\/div><\/div><\/div><\/div><div id=\"pg-539-3\"  class=\"panel-grid panel-no-style\" ><div id=\"pgc-539-3-0\"  class=\"panel-grid-cell\" ><div id=\"panel-539-3-0-0\" class=\"so-panel widget widget_informacion_widget panel-first-child panel-last-child\" data-index=\"4\" ><div\n\t\t\t\n\t\t\tclass=\"so-widget-informacion_widget so-widget-informacion_widget-base\"\n\t\t\t\n\t\t>\n\t<!-- CON IMAGEN ------------>\n\n\t<div class=\"\">\n\n\t\t<div class=\"widget-informacion2\">\n\t\t\t<h3>Values<\/h3>\t\t\t\t\t\t<div class=\"texto  \">\n\t\t\t\t\t\t\t<\/div>\n\t\t\t\t\t<\/div>\n\n\t<\/div>\n\n<\/div><\/div><\/div><\/div><div id=\"pg-539-4\"  class=\"panel-grid panel-no-style\" ><div id=\"pgc-539-4-0\"  class=\"panel-grid-cell\" ><div id=\"panel-539-4-0-0\" class=\"so-panel widget widget_feature_widget panel-first-child panel-last-child\" data-index=\"5\" ><div\n\t\t\t\n\t\t\tclass=\"so-widget-feature_widget so-widget-feature_widget-base\"\n\t\t\t\n\t\t>\n\n<div class=\"widget-feature\" id=\"info-6243\" >\n\n\t<div class=\"background-image\" style=\"background-image: url('https:\/\/www.grupofuertes.com\/wp-content\/uploads\/2016\/12\/group-4@2x.png')\"><\/div>\n\t<h2 class=\"title\">Excellence<\/h2>\n\t<div class=\"description\">\n\t\tOur ultimate goal is excellence.  We are absolutely convinced that adopting a culture of excellence in management guarantees competitiveness. That our companies are just another company is not enough for us, we want to be the benchmark and leaders, each one in its own sector. For us, \"success isn\u00b4t a goal, it\u2019s a way of life\". \t<\/div>\n<\/div>\n\n\t<script>\n\n\n\t\t$(document).scroll(function () {\n\t\t\tvar y = $(this).scrollTop();\n\t\t\tif( y >  $('#info-6243').offset().top - window.document.documentElement.clientHeight) {\n\n\t\t\t\t$('#info-6243').addClass('animate');\n\n\t\t\t}\n\t\t});\n\t<\/script>\n\n\n<\/div><\/div><\/div><div id=\"pgc-539-4-1\"  class=\"panel-grid-cell\" ><div id=\"panel-539-4-1-0\" class=\"so-panel widget widget_feature_widget panel-first-child panel-last-child\" data-index=\"6\" ><div class=\"panel-widget-style panel-widget-style-for-539-4-1-0\" ><div\n\t\t\t\n\t\t\tclass=\"so-widget-feature_widget so-widget-feature_widget-base\"\n\t\t\t\n\t\t>\n\n<div class=\"widget-feature\" id=\"info-7807\" >\n\n\t<div class=\"background-image\" style=\"background-image: url('https:\/\/www.grupofuertes.com\/wp-content\/uploads\/2016\/12\/group-5@2x.png')\"><\/div>\n\t<h2 class=\"title\">Integrity and honesty<\/h2>\n\t<div class=\"description\">\n\t\tSeriousness, commitment and professionalism define our work and are reflected in the excellent professionals who form part of our team. We count on professionals who stand out for their work, common sense, and integrity, always respecting current legislation and safeguarding the Group\u2019s interest.\t<\/div>\n<\/div>\n\n\t<script>\n\n\n\t\t$(document).scroll(function () {\n\t\t\tvar y = $(this).scrollTop();\n\t\t\tif( y >  $('#info-7807').offset().top - window.document.documentElement.clientHeight) {\n\n\t\t\t\t$('#info-7807').addClass('animate');\n\n\t\t\t}\n\t\t});\n\t<\/script>\n\n\n<\/div><\/div><\/div><\/div><div id=\"pgc-539-4-2\"  class=\"panel-grid-cell\" ><div id=\"panel-539-4-2-0\" class=\"so-panel widget widget_feature_widget panel-first-child panel-last-child\" data-index=\"7\" ><div class=\"panel-widget-style panel-widget-style-for-539-4-2-0\" ><div\n\t\t\t\n\t\t\tclass=\"so-widget-feature_widget so-widget-feature_widget-base\"\n\t\t\t\n\t\t>\n\n<div class=\"widget-feature\" id=\"info-5790\" >\n\n\t<div class=\"background-image\" style=\"background-image: url('https:\/\/www.grupofuertes.com\/wp-content\/uploads\/2016\/12\/group-9@2x.png')\"><\/div>\n\t<h2 class=\"title\">Humility<\/h2>\n\t<div class=\"description\">\n\t\t<p>The Group, despite its current patrimonial and social situation, is aware of its humble origins and, as a result, maintains this value as a fundamental guide in the treatment and relationships it has with society and anyone in its area of activity.<\/p>\t<\/div>\n<\/div>\n\n\t<script>\n\n\n\t\t$(document).scroll(function () {\n\t\t\tvar y = $(this).scrollTop();\n\t\t\tif( y >  $('#info-5790').offset().top - window.document.documentElement.clientHeight) {\n\n\t\t\t\t$('#info-5790').addClass('animate');\n\n\t\t\t}\n\t\t});\n\t<\/script>\n\n\n<\/div><\/div><\/div><\/div><\/div><div id=\"pg-539-5\"  class=\"panel-grid panel-has-style\" ><div class=\"panel-row-style panel-row-style-for-539-5\" ><div id=\"pgc-539-5-0\"  class=\"panel-grid-cell\" ><div id=\"panel-539-5-0-0\" class=\"so-panel widget widget_feature_widget panel-first-child panel-last-child\" data-index=\"8\" ><div class=\"panel-widget-style panel-widget-style-for-539-5-0-0\" ><div\n\t\t\t\n\t\t\tclass=\"so-widget-feature_widget so-widget-feature_widget-base\"\n\t\t\t\n\t\t>\n\n<div class=\"widget-feature\" id=\"info-7813\" >\n\n\t<div class=\"background-image\" style=\"background-image: url('https:\/\/www.grupofuertes.com\/wp-content\/uploads\/2016\/12\/group-7@2x.png')\"><\/div>\n\t<h2 class=\"title\">Transparency<\/h2>\n\t<div class=\"description\">\n\t\t<p>How we relate to anyone in our business and professional framework is characterised by the transparency of our intentions, expressing truthfully and fairly interest and information which affect all those who are somehow connected to the Group.<\/p>\t<\/div>\n<\/div>\n\n\t<script>\n\n\n\t\t$(document).scroll(function () {\n\t\t\tvar y = $(this).scrollTop();\n\t\t\tif( y >  $('#info-7813').offset().top - window.document.documentElement.clientHeight) {\n\n\t\t\t\t$('#info-7813').addClass('animate');\n\n\t\t\t}\n\t\t});\n\t<\/script>\n\n\n<\/div><\/div><\/div><\/div><div id=\"pgc-539-5-1\"  class=\"panel-grid-cell\" ><div id=\"panel-539-5-1-0\" class=\"so-panel widget widget_feature_widget panel-first-child panel-last-child\" data-index=\"9\" ><div class=\"panel-widget-style panel-widget-style-for-539-5-1-0\" ><div\n\t\t\t\n\t\t\tclass=\"so-widget-feature_widget so-widget-feature_widget-base\"\n\t\t\t\n\t\t>\n\n<div class=\"widget-feature\" id=\"info-9933\" >\n\n\t<div class=\"background-image\" style=\"background-image: url('https:\/\/www.grupofuertes.com\/wp-content\/uploads\/2016\/12\/group-8.png')\"><\/div>\n\t<h2 class=\"title\">Loyalty<\/h2>\n\t<div class=\"description\">\n\t\tAs a consequence of the aforementioned values, for Grupo Fuertes and its people, loyalty plays a big part in behaviour and understanding, as well as the strict fulfilment of these values and the general principles that guide the Group.\t<\/div>\n<\/div>\n\n\t<script>\n\n\n\t\t$(document).scroll(function () {\n\t\t\tvar y = $(this).scrollTop();\n\t\t\tif( y >  $('#info-9933').offset().top - window.document.documentElement.clientHeight) {\n\n\t\t\t\t$('#info-9933').addClass('animate');\n\n\t\t\t}\n\t\t});\n\t<\/script>\n\n\n<\/div><\/div><\/div><\/div><\/div><\/div><div id=\"pg-539-6\"  class=\"panel-grid panel-no-style\" ><div id=\"pgc-539-6-0\"  class=\"panel-grid-cell\" ><div id=\"panel-539-6-0-0\" class=\"so-panel widget widget_sow-button panel-first-child panel-last-child\" data-index=\"10\" ><div\n\t\t\t\n\t\t\tclass=\"so-widget-sow-button so-widget-sow-button-flat-846cd2ced293-539\"\n\t\t\t\n\t\t><div class=\"ow-button-base ow-button-align-center\"\n>\n\t\t\t<a\n\t\t\t\t\thref=\"https:\/\/www.grupofuertes.com\/wp-content\/uploads\/2023\/06\/Code-of-Conduct-Grupo-Fuertes.pdf\"\n\t\t\t\t\tclass=\"sowb-button ow-icon-placement-left ow-button-hover\" target=\"_blank\" rel=\"noopener noreferrer\" \t>\n\t\t<span>\n\t\t\t<span class=\"sow-icon-fontawesome sow-fas\" data-sow-icon=\"&#xf0ab;\"\n\t\tstyle=\"color: #ffffff\" \n\t\taria-hidden=\"true\"><\/span>\n\t\t\tCode of Conduct\t\t<\/span>\n\t\t\t<\/a>\n\t<\/div>\n<\/div><\/div><\/div><\/div><\/div>","protected":false},"excerpt":{"rendered":"Our holding company We are one of Spain\u2019s main business groups managing around twenty companies strategically organised in two large business areas. The holding company is made up of a strong agro-food core and a collection of diversified investments which guarantee its financial soundness and future. More than 8000 professionals strive every day to continuously","protected":false},"author":1,"featured_media":639,"parent":0,"menu_order":0,"comment_status":"closed","ping_status":"closed","template":"templates\/template-normal.php","meta":{"_acf_changed":false,"om_disable_all_campaigns":false,"_monsterinsights_skip_tracking":false,"_monsterinsights_sitenote_active":false,"_monsterinsights_sitenote_note":"","_monsterinsights_sitenote_category":0,"footnotes":""},"class_list":["post-539","page","type-page","status-publish","has-post-thumbnail","hentry"],"acf":[],"yoast_head":"<!-- This site is optimized with the Yoast SEO plugin v27.4 - https:\/\/yoast.com\/product\/yoast-seo-wordpress\/ -->\n<title>About us | Grupo Fuertes | Grupo Empresarial Fuertes.<\/title>\n<meta name=\"description\" content=\"Conoce la Web del Grupo Fuertes. L\u00edderes en Inversi\u00f3n Agroalimentaria y Diversificaci\u00f3n Empresarial. Entra Ahora.\" \/>\n<meta name=\"robots\" content=\"index, follow, max-snippet:-1, max-image-preview:large, max-video-preview:-1\" \/>\n<link rel=\"canonical\" href=\"https:\/\/www.grupofuertes.com\/en\/conocenos\/\" \/>\n<meta property=\"og:locale\" content=\"en_US\" \/>\n<meta property=\"og:type\" content=\"article\" \/>\n<meta property=\"og:title\" content=\"About us | Grupo Fuertes | Grupo Empresarial Fuertes.\" \/>\n<meta property=\"og:description\" content=\"Conoce la Web del Grupo Fuertes. L\u00edderes en Inversi\u00f3n Agroalimentaria y Diversificaci\u00f3n Empresarial. Entra Ahora.\" \/>\n<meta property=\"og:url\" content=\"https:\/\/www.grupofuertes.com\/en\/conocenos\/\" \/>\n<meta property=\"og:site_name\" content=\"Grupo Fuertes | Grupo Empresarial Fuertes.\" \/>\n<meta property=\"article:modified_time\" content=\"2023-09-27T10:24:07+00:00\" \/>\n<meta property=\"og:image\" content=\"https:\/\/www.grupofuertes.com\/wp-content\/uploads\/2016\/12\/header-noticias-700x195.png\" \/>\n\t<meta property=\"og:image:width\" content=\"700\" \/>\n\t<meta property=\"og:image:height\" content=\"195\" \/>\n\t<meta property=\"og:image:type\" content=\"image\/png\" \/>\n<meta name=\"twitter:card\" content=\"summary_large_image\" \/>\n<script type=\"application\/ld+json\" class=\"yoast-schema-graph\">{\"@context\":\"https:\\\/\\\/schema.org\",\"@graph\":[{\"@type\":\"WebPage\",\"@id\":\"https:\\\/\\\/www.grupofuertes.com\\\/en\\\/conocenos\\\/\",\"url\":\"https:\\\/\\\/www.grupofuertes.com\\\/en\\\/conocenos\\\/\",\"name\":\"About us | Grupo Fuertes | Grupo Empresarial Fuertes.\",\"isPartOf\":{\"@id\":\"https:\\\/\\\/www.grupofuertes.com\\\/#website\"},\"primaryImageOfPage\":{\"@id\":\"https:\\\/\\\/www.grupofuertes.com\\\/en\\\/conocenos\\\/#primaryimage\"},\"image\":{\"@id\":\"https:\\\/\\\/www.grupofuertes.com\\\/en\\\/conocenos\\\/#primaryimage\"},\"thumbnailUrl\":\"https:\\\/\\\/www.grupofuertes.com\\\/wp-content\\\/uploads\\\/2016\\\/12\\\/header-noticias.png\",\"datePublished\":\"2016-12-20T12:14:24+00:00\",\"dateModified\":\"2023-09-27T10:24:07+00:00\",\"description\":\"Conoce la Web del Grupo Fuertes. L\u00edderes en Inversi\u00f3n Agroalimentaria y Diversificaci\u00f3n Empresarial. Entra Ahora.\",\"breadcrumb\":{\"@id\":\"https:\\\/\\\/www.grupofuertes.com\\\/en\\\/conocenos\\\/#breadcrumb\"},\"inLanguage\":\"en-US\",\"potentialAction\":[{\"@type\":\"ReadAction\",\"target\":[\"https:\\\/\\\/www.grupofuertes.com\\\/en\\\/conocenos\\\/\"]}]},{\"@type\":\"ImageObject\",\"inLanguage\":\"en-US\",\"@id\":\"https:\\\/\\\/www.grupofuertes.com\\\/en\\\/conocenos\\\/#primaryimage\",\"url\":\"https:\\\/\\\/www.grupofuertes.com\\\/wp-content\\\/uploads\\\/2016\\\/12\\\/header-noticias.png\",\"contentUrl\":\"https:\\\/\\\/www.grupofuertes.com\\\/wp-content\\\/uploads\\\/2016\\\/12\\\/header-noticias.png\",\"width\":1900,\"height\":530},{\"@type\":\"BreadcrumbList\",\"@id\":\"https:\\\/\\\/www.grupofuertes.com\\\/en\\\/conocenos\\\/#breadcrumb\",\"itemListElement\":[{\"@type\":\"ListItem\",\"position\":1,\"name\":\"Home\",\"item\":\"https:\\\/\\\/www.grupofuertes.com\\\/en\\\/\"},{\"@type\":\"ListItem\",\"position\":2,\"name\":\"About us\"}]},{\"@type\":\"WebSite\",\"@id\":\"https:\\\/\\\/www.grupofuertes.com\\\/#website\",\"url\":\"https:\\\/\\\/www.grupofuertes.com\\\/\",\"name\":\"Grupo Fuertes | Grupo Empresarial Fuertes.\",\"description\":\"Web del Grupo Fuertes. L\u00edderes en Inversi\u00f3n Agroalimentaria y Diversificaci\u00f3n Empresarial.\",\"publisher\":{\"@id\":\"https:\\\/\\\/www.grupofuertes.com\\\/#organization\"},\"potentialAction\":[{\"@type\":\"SearchAction\",\"target\":{\"@type\":\"EntryPoint\",\"urlTemplate\":\"https:\\\/\\\/www.grupofuertes.com\\\/?s={search_term_string}\"},\"query-input\":{\"@type\":\"PropertyValueSpecification\",\"valueRequired\":true,\"valueName\":\"search_term_string\"}}],\"inLanguage\":\"en-US\"},{\"@type\":\"Organization\",\"@id\":\"https:\\\/\\\/www.grupofuertes.com\\\/#organization\",\"name\":\"Grupo Fuertes\",\"url\":\"https:\\\/\\\/www.grupofuertes.com\\\/\",\"logo\":{\"@type\":\"ImageObject\",\"inLanguage\":\"en-US\",\"@id\":\"https:\\\/\\\/www.grupofuertes.com\\\/#\\\/schema\\\/logo\\\/image\\\/\",\"url\":\"https:\\\/\\\/www.grupofuertes.com\\\/wp-content\\\/uploads\\\/2017\\\/01\\\/logo-grupo-fuertes.jpg\",\"contentUrl\":\"https:\\\/\\\/www.grupofuertes.com\\\/wp-content\\\/uploads\\\/2017\\\/01\\\/logo-grupo-fuertes.jpg\",\"width\":1252,\"height\":1106,\"caption\":\"Grupo Fuertes\"},\"image\":{\"@id\":\"https:\\\/\\\/www.grupofuertes.com\\\/#\\\/schema\\\/logo\\\/image\\\/\"}}]}<\/script>\n<!-- \/ Yoast SEO plugin. -->","yoast_head_json":{"title":"About us | Grupo Fuertes | Grupo Empresarial Fuertes.","description":"Conoce la Web del Grupo Fuertes. L\u00edderes en Inversi\u00f3n Agroalimentaria y Diversificaci\u00f3n Empresarial. Entra Ahora.","robots":{"index":"index","follow":"follow","max-snippet":"max-snippet:-1","max-image-preview":"max-image-preview:large","max-video-preview":"max-video-preview:-1"},"canonical":"https:\/\/www.grupofuertes.com\/en\/conocenos\/","og_locale":"en_US","og_type":"article","og_title":"About us | Grupo Fuertes | Grupo Empresarial Fuertes.","og_description":"Conoce la Web del Grupo Fuertes. L\u00edderes en Inversi\u00f3n Agroalimentaria y Diversificaci\u00f3n Empresarial. Entra Ahora.","og_url":"https:\/\/www.grupofuertes.com\/en\/conocenos\/","og_site_name":"Grupo Fuertes | Grupo Empresarial Fuertes.","article_modified_time":"2023-09-27T10:24:07+00:00","og_image":[{"width":700,"height":195,"url":"https:\/\/www.grupofuertes.com\/wp-content\/uploads\/2016\/12\/header-noticias-700x195.png","type":"image\/png"}],"twitter_card":"summary_large_image","schema":{"@context":"https:\/\/schema.org","@graph":[{"@type":"WebPage","@id":"https:\/\/www.grupofuertes.com\/en\/conocenos\/","url":"https:\/\/www.grupofuertes.com\/en\/conocenos\/","name":"About us | Grupo Fuertes | Grupo Empresarial Fuertes.","isPartOf":{"@id":"https:\/\/www.grupofuertes.com\/#website"},"primaryImageOfPage":{"@id":"https:\/\/www.grupofuertes.com\/en\/conocenos\/#primaryimage"},"image":{"@id":"https:\/\/www.grupofuertes.com\/en\/conocenos\/#primaryimage"},"thumbnailUrl":"https:\/\/www.grupofuertes.com\/wp-content\/uploads\/2016\/12\/header-noticias.png","datePublished":"2016-12-20T12:14:24+00:00","dateModified":"2023-09-27T10:24:07+00:00","description":"Conoce la Web del Grupo Fuertes. L\u00edderes en Inversi\u00f3n Agroalimentaria y Diversificaci\u00f3n Empresarial. Entra Ahora.","breadcrumb":{"@id":"https:\/\/www.grupofuertes.com\/en\/conocenos\/#breadcrumb"},"inLanguage":"en-US","potentialAction":[{"@type":"ReadAction","target":["https:\/\/www.grupofuertes.com\/en\/conocenos\/"]}]},{"@type":"ImageObject","inLanguage":"en-US","@id":"https:\/\/www.grupofuertes.com\/en\/conocenos\/#primaryimage","url":"https:\/\/www.grupofuertes.com\/wp-content\/uploads\/2016\/12\/header-noticias.png","contentUrl":"https:\/\/www.grupofuertes.com\/wp-content\/uploads\/2016\/12\/header-noticias.png","width":1900,"height":530},{"@type":"BreadcrumbList","@id":"https:\/\/www.grupofuertes.com\/en\/conocenos\/#breadcrumb","itemListElement":[{"@type":"ListItem","position":1,"name":"Home","item":"https:\/\/www.grupofuertes.com\/en\/"},{"@type":"ListItem","position":2,"name":"About us"}]},{"@type":"WebSite","@id":"https:\/\/www.grupofuertes.com\/#website","url":"https:\/\/www.grupofuertes.com\/","name":"Grupo Fuertes | Grupo Empresarial Fuertes.","description":"Web del Grupo Fuertes. L\u00edderes en Inversi\u00f3n Agroalimentaria y Diversificaci\u00f3n Empresarial.","publisher":{"@id":"https:\/\/www.grupofuertes.com\/#organization"},"potentialAction":[{"@type":"SearchAction","target":{"@type":"EntryPoint","urlTemplate":"https:\/\/www.grupofuertes.com\/?s={search_term_string}"},"query-input":{"@type":"PropertyValueSpecification","valueRequired":true,"valueName":"search_term_string"}}],"inLanguage":"en-US"},{"@type":"Organization","@id":"https:\/\/www.grupofuertes.com\/#organization","name":"Grupo Fuertes","url":"https:\/\/www.grupofuertes.com\/","logo":{"@type":"ImageObject","inLanguage":"en-US","@id":"https:\/\/www.grupofuertes.com\/#\/schema\/logo\/image\/","url":"https:\/\/www.grupofuertes.com\/wp-content\/uploads\/2017\/01\/logo-grupo-fuertes.jpg","contentUrl":"https:\/\/www.grupofuertes.com\/wp-content\/uploads\/2017\/01\/logo-grupo-fuertes.jpg","width":1252,"height":1106,"caption":"Grupo Fuertes"},"image":{"@id":"https:\/\/www.grupofuertes.com\/#\/schema\/logo\/image\/"}}]}},"_links":{"self":[{"href":"https:\/\/www.grupofuertes.com\/en\/wp-json\/wp\/v2\/pages\/539","targetHints":{"allow":["GET"]}}],"collection":[{"href":"https:\/\/www.grupofuertes.com\/en\/wp-json\/wp\/v2\/pages"}],"about":[{"href":"https:\/\/www.grupofuertes.com\/en\/wp-json\/wp\/v2\/types\/page"}],"author":[{"embeddable":true,"href":"https:\/\/www.grupofuertes.com\/en\/wp-json\/wp\/v2\/users\/1"}],"replies":[{"embeddable":true,"href":"https:\/\/www.grupofuertes.com\/en\/wp-json\/wp\/v2\/comments?post=539"}],"version-history":[{"count":29,"href":"https:\/\/www.grupofuertes.com\/en\/wp-json\/wp\/v2\/pages\/539\/revisions"}],"predecessor-version":[{"id":3677,"href":"https:\/\/www.grupofuertes.com\/en\/wp-json\/wp\/v2\/pages\/539\/revisions\/3677"}],"wp:featuredmedia":[{"embeddable":true,"href":"https:\/\/www.grupofuertes.com\/en\/wp-json\/wp\/v2\/media\/639"}],"wp:attachment":[{"href":"https:\/\/www.grupofuertes.com\/en\/wp-json\/wp\/v2\/media?parent=539"}],"curies":[{"name":"wp","href":"https:\/\/api.w.org\/{rel}","templated":true}]}}