 
 {"id":513,"date":"2016-12-28T13:07:40","date_gmt":"2016-12-28T13:07:40","guid":{"rendered":"http:\/\/test.mobyte.es\/grupofuertes\/nucleo-agroalimentario\/?lang=en"},"modified":"2017-02-17T12:50:21","modified_gmt":"2017-02-17T12:50:21","slug":"agro-food-core","status":"publish","type":"page","link":"https:\/\/www.grupofuertes.com\/en\/business-areas\/agro-food-core\/","title":{"rendered":"Agro-food core"},"content":{"rendered":"<div id=\"pl-513\"  class=\"panel-layout\" ><div id=\"pg-513-0\"  class=\"panel-grid panel-no-style\" ><div id=\"pgc-513-0-0\"  class=\"panel-grid-cell\" ><div id=\"panel-513-0-0-0\" class=\"so-panel widget widget_informacion_widget panel-first-child panel-last-child\" data-index=\"0\" ><div\n\t\t\t\n\t\t\tclass=\"so-widget-informacion_widget so-widget-informacion_widget-base\"\n\t\t\t\n\t\t>\n\t<!-- CON IMAGEN ------------>\n\n\t<div class=\"\">\n\t\t<div class=\"widget-informacion2\">\n\t\t\t<h3>Agro-food core <\/h3>\n\t\t\t<div class=\"row\">\n\t\t\t\t<div class=\"col-md-6\">\n\t\t\t\t\t<h4>The Grupo Fuertes agro-food companies make up the main axis of the holding company<\/h4>\n\t\t\t\t\t<div class=\"texto-destacado\">\n\t\t\t\t\t\t\t\t\t\t\t<\/div>\n\t\t\t\t\t<div class=\"texto \">\n\t\t\t\t\t\t<p>The Grupo Fuertes agro-food companies make up the main axis of the holding company and undertake their activities in different sectors including agriculture, livestock, the meat and dairy industry, as well as viticulture and mineral water.<\/p>\t\t\t\t\t<\/div>\n\t\t\t\t<\/div>\n\t\t\t\t<div class=\"col-md-5 col-md-offset-1\">\n\t\t\t\t\t<div class=\"image-info  \" style=\"background-image: url(https:\/\/www.grupofuertes.com\/wp-content\/uploads\/2016\/12\/AGROALIMENTARIO.jpg)\" data-when=\"view\" data-from=\"0.5\" data-to=\"0\" data-translatex=\"140\"><\/div>\n\t\t\t\t<\/div>\n\n\t\t\t<\/div>\n\t\t<\/div>\n\n\t<\/div>\n\n\t<!-- SIN IMAGEN ------------>\n\n<\/div><\/div><\/div><\/div><div id=\"pg-513-1\"  class=\"panel-grid panel-no-style\" ><div id=\"pgc-513-1-0\"  class=\"panel-grid-cell\" ><div\n\t\t\t\n\t\t\tclass=\"so-widget-logos_widget so-widget-logos_widget-base\"\n\t\t\t\n\t\t>\n<div class=\"container widget-logos logos-list\">\n\n        <div class=\"row\">\n                \n            <div class=\"logos-wrapper\">\n                <a href=\"#\" class=\"btn-arrow lnk-prev\"><i class=\"fa fa-angle-left\"><\/i><\/a>\n                <a href=\"#\" class=\"btn-arrow lnk-next\"><i class=\"fa fa-angle-right\"><\/i><\/a>\n                <div class=\"logos\">\n                                            <div class=\"item \">\n                            <a href=\"https:\/\/www.grupofuertes.com\/en\/empresas\/elpozo-alimentacion\/\" style=\"background-image: url('https:\/\/www.grupofuertes.com\/wp-content\/uploads\/2016\/12\/logo-elpozo-250x132.png'); \"><\/a>\n                        <\/div>\n\n                                            <div class=\"item \">\n                            <a href=\"https:\/\/www.grupofuertes.com\/en\/empresas\/cefusa\/\" style=\"background-image: url('https:\/\/www.grupofuertes.com\/wp-content\/uploads\/2016\/12\/Cefusa-BAJA-RESOLUCION-250x146.jpg'); \"><\/a>\n                        <\/div>\n\n                                            <div class=\"item \">\n                            <a href=\"https:\/\/www.grupofuertes.com\/en\/empresas\/agrifusa\/\" style=\"background-image: url('https:\/\/www.grupofuertes.com\/wp-content\/uploads\/2016\/12\/logo-Agrifusa-sin-triangulo-250x182.jpg'); \"><\/a>\n                        <\/div>\n\n                                            <div class=\"item \">\n                            <a href=\"https:\/\/www.grupofuertes.com\/en\/empresas\/sediasa\/\" style=\"background-image: url('https:\/\/www.grupofuertes.com\/wp-content\/uploads\/2016\/12\/logo-Sediasa-sin-triangulo-250x159.jpg'); \"><\/a>\n                        <\/div>\n\n                                            <div class=\"item \">\n                            <a href=\"https:\/\/www.grupofuertes.com\/en\/empresas\/procavi\/\" style=\"background-image: url('https:\/\/www.grupofuertes.com\/wp-content\/uploads\/2016\/12\/LOGO-PROCAVI-250x165.jpg'); \"><\/a>\n                        <\/div>\n\n                                            <div class=\"item \">\n                            <a href=\"https:\/\/www.grupofuertes.com\/en\/empresas\/fripozo\/\" style=\"background-image: url('https:\/\/www.grupofuertes.com\/wp-content\/uploads\/2016\/12\/Fripozo-250x118.png'); \"><\/a>\n                        <\/div>\n\n                                            <div class=\"item \">\n                            <a href=\"https:\/\/www.grupofuertes.com\/en\/empresas\/luzon\/\" style=\"background-image: url('https:\/\/www.grupofuertes.com\/wp-content\/uploads\/2016\/12\/logoluzon-1-250x173.jpg'); \"><\/a>\n                        <\/div>\n\n                                            <div class=\"item \">\n                            <a href=\"https:\/\/www.grupofuertes.com\/en\/empresas\/palancares-alimentacion\/\" style=\"background-image: url('https:\/\/www.grupofuertes.com\/wp-content\/uploads\/2016\/12\/LOGO-PALANCARES-250x250.jpg'); \"><\/a>\n                        <\/div>\n\n                                            <div class=\"item \">\n                            <a href=\"https:\/\/www.grupofuertes.com\/en\/empresas\/aquadeus\/\" style=\"background-image: url('https:\/\/www.grupofuertes.com\/wp-content\/uploads\/2016\/12\/logo-aquadeus-250x189.jpg'); \"><\/a>\n                        <\/div>\n\n                                    <\/div>\n\n            <\/div>\n\n                    <\/div>\n\n<\/div>\n\n\n\n\n<\/div><\/div><\/div><\/div>","protected":false},"excerpt":{"rendered":"Agro-food core The Grupo Fuertes agro-food companies make up the main axis of the holding company The Grupo Fuertes agro-food companies make up the main axis of the holding company and undertake their activities in different sectors including agriculture, livestock, the meat and dairy industry, as well as viticulture and mineral water.","protected":false},"author":1,"featured_media":0,"parent":535,"menu_order":0,"comment_status":"closed","ping_status":"closed","template":"templates\/template-negocio.php","meta":{"_acf_changed":false,"om_disable_all_campaigns":false,"_monsterinsights_skip_tracking":false,"_monsterinsights_sitenote_active":false,"_monsterinsights_sitenote_note":"","_monsterinsights_sitenote_category":0,"footnotes":""},"class_list":["post-513","page","type-page","status-publish","hentry"],"acf":[],"yoast_head":"<!-- This site is optimized with the Yoast SEO plugin v27.4 - https:\/\/yoast.com\/product\/yoast-seo-wordpress\/ -->\n<title>Agro-food core | Grupo Fuertes | Grupo Empresarial Fuertes.<\/title>\n<meta name=\"description\" content=\"Agro-food core  The Grupo Fuertes agro-food companies make up the main axis of the holding company The Grupo Fuertes agro-food companies make up the main axis of the holding company and undertake their activities in different sectors including agriculture, livestock, the meat and dairy industry, as well as viticulture and mineral water.\" \/>\n<meta name=\"robots\" content=\"index, follow, max-snippet:-1, max-image-preview:large, max-video-preview:-1\" \/>\n<link rel=\"canonical\" href=\"https:\/\/www.grupofuertes.com\/en\/business-areas\/agro-food-core\/\" \/>\n<meta property=\"og:locale\" content=\"en_US\" \/>\n<meta property=\"og:type\" content=\"article\" \/>\n<meta property=\"og:title\" content=\"Agro-food core | Grupo Fuertes | Grupo Empresarial Fuertes.\" \/>\n<meta property=\"og:description\" content=\"Agro-food core  The Grupo Fuertes agro-food companies make up the main axis of the holding company The Grupo Fuertes agro-food companies make up the main axis of the holding company and undertake their activities in different sectors including agriculture, livestock, the meat and dairy industry, as well as viticulture and mineral water.\" \/>\n<meta property=\"og:url\" content=\"https:\/\/www.grupofuertes.com\/en\/business-areas\/agro-food-core\/\" \/>\n<meta property=\"og:site_name\" content=\"Grupo Fuertes | Grupo Empresarial Fuertes.\" \/>\n<meta property=\"article:modified_time\" content=\"2017-02-17T12:50:21+00:00\" \/>\n<meta name=\"twitter:card\" content=\"summary_large_image\" \/>\n<script type=\"application\/ld+json\" class=\"yoast-schema-graph\">{\"@context\":\"https:\\\/\\\/schema.org\",\"@graph\":[{\"@type\":\"WebPage\",\"@id\":\"https:\\\/\\\/www.grupofuertes.com\\\/en\\\/business-areas\\\/agro-food-core\\\/\",\"url\":\"https:\\\/\\\/www.grupofuertes.com\\\/en\\\/business-areas\\\/agro-food-core\\\/\",\"name\":\"Agro-food core | Grupo Fuertes | Grupo Empresarial Fuertes.\",\"isPartOf\":{\"@id\":\"https:\\\/\\\/www.grupofuertes.com\\\/#website\"},\"datePublished\":\"2016-12-28T13:07:40+00:00\",\"dateModified\":\"2017-02-17T12:50:21+00:00\",\"description\":\"Agro-food core The Grupo Fuertes agro-food companies make up the main axis of the holding company The Grupo Fuertes agro-food companies make up the main axis of the holding company and undertake their activities in different sectors including agriculture, livestock, the meat and dairy industry, as well as viticulture and mineral water.\",\"breadcrumb\":{\"@id\":\"https:\\\/\\\/www.grupofuertes.com\\\/en\\\/business-areas\\\/agro-food-core\\\/#breadcrumb\"},\"inLanguage\":\"en-US\",\"potentialAction\":[{\"@type\":\"ReadAction\",\"target\":[\"https:\\\/\\\/www.grupofuertes.com\\\/en\\\/business-areas\\\/agro-food-core\\\/\"]}]},{\"@type\":\"BreadcrumbList\",\"@id\":\"https:\\\/\\\/www.grupofuertes.com\\\/en\\\/business-areas\\\/agro-food-core\\\/#breadcrumb\",\"itemListElement\":[{\"@type\":\"ListItem\",\"position\":1,\"name\":\"Home\",\"item\":\"https:\\\/\\\/www.grupofuertes.com\\\/en\\\/\"},{\"@type\":\"ListItem\",\"position\":2,\"name\":\"Business areas\",\"item\":\"https:\\\/\\\/www.grupofuertes.com\\\/en\\\/business-areas\\\/\"},{\"@type\":\"ListItem\",\"position\":3,\"name\":\"Agro-food core\"}]},{\"@type\":\"WebSite\",\"@id\":\"https:\\\/\\\/www.grupofuertes.com\\\/#website\",\"url\":\"https:\\\/\\\/www.grupofuertes.com\\\/\",\"name\":\"Grupo Fuertes | Grupo Empresarial Fuertes.\",\"description\":\"Web del Grupo Fuertes. L\u00edderes en Inversi\u00f3n Agroalimentaria y Diversificaci\u00f3n Empresarial.\",\"publisher\":{\"@id\":\"https:\\\/\\\/www.grupofuertes.com\\\/#organization\"},\"potentialAction\":[{\"@type\":\"SearchAction\",\"target\":{\"@type\":\"EntryPoint\",\"urlTemplate\":\"https:\\\/\\\/www.grupofuertes.com\\\/?s={search_term_string}\"},\"query-input\":{\"@type\":\"PropertyValueSpecification\",\"valueRequired\":true,\"valueName\":\"search_term_string\"}}],\"inLanguage\":\"en-US\"},{\"@type\":\"Organization\",\"@id\":\"https:\\\/\\\/www.grupofuertes.com\\\/#organization\",\"name\":\"Grupo Fuertes\",\"url\":\"https:\\\/\\\/www.grupofuertes.com\\\/\",\"logo\":{\"@type\":\"ImageObject\",\"inLanguage\":\"en-US\",\"@id\":\"https:\\\/\\\/www.grupofuertes.com\\\/#\\\/schema\\\/logo\\\/image\\\/\",\"url\":\"https:\\\/\\\/www.grupofuertes.com\\\/wp-content\\\/uploads\\\/2017\\\/01\\\/logo-grupo-fuertes.jpg\",\"contentUrl\":\"https:\\\/\\\/www.grupofuertes.com\\\/wp-content\\\/uploads\\\/2017\\\/01\\\/logo-grupo-fuertes.jpg\",\"width\":1252,\"height\":1106,\"caption\":\"Grupo Fuertes\"},\"image\":{\"@id\":\"https:\\\/\\\/www.grupofuertes.com\\\/#\\\/schema\\\/logo\\\/image\\\/\"}}]}<\/script>\n<!-- \/ Yoast SEO plugin. -->","yoast_head_json":{"title":"Agro-food core | Grupo Fuertes | Grupo Empresarial Fuertes.","description":"Agro-food core  The Grupo Fuertes agro-food companies make up the main axis of the holding company The Grupo Fuertes agro-food companies make up the main axis of the holding company and undertake their activities in different sectors including agriculture, livestock, the meat and dairy industry, as well as viticulture and mineral water.","robots":{"index":"index","follow":"follow","max-snippet":"max-snippet:-1","max-image-preview":"max-image-preview:large","max-video-preview":"max-video-preview:-1"},"canonical":"https:\/\/www.grupofuertes.com\/en\/business-areas\/agro-food-core\/","og_locale":"en_US","og_type":"article","og_title":"Agro-food core | Grupo Fuertes | Grupo Empresarial Fuertes.","og_description":"Agro-food core  The Grupo Fuertes agro-food companies make up the main axis of the holding company The Grupo Fuertes agro-food companies make up the main axis of the holding company and undertake their activities in different sectors including agriculture, livestock, the meat and dairy industry, as well as viticulture and mineral water.","og_url":"https:\/\/www.grupofuertes.com\/en\/business-areas\/agro-food-core\/","og_site_name":"Grupo Fuertes | Grupo Empresarial Fuertes.","article_modified_time":"2017-02-17T12:50:21+00:00","twitter_card":"summary_large_image","schema":{"@context":"https:\/\/schema.org","@graph":[{"@type":"WebPage","@id":"https:\/\/www.grupofuertes.com\/en\/business-areas\/agro-food-core\/","url":"https:\/\/www.grupofuertes.com\/en\/business-areas\/agro-food-core\/","name":"Agro-food core | Grupo Fuertes | Grupo Empresarial Fuertes.","isPartOf":{"@id":"https:\/\/www.grupofuertes.com\/#website"},"datePublished":"2016-12-28T13:07:40+00:00","dateModified":"2017-02-17T12:50:21+00:00","description":"Agro-food core The Grupo Fuertes agro-food companies make up the main axis of the holding company The Grupo Fuertes agro-food companies make up the main axis of the holding company and undertake their activities in different sectors including agriculture, livestock, the meat and dairy industry, as well as viticulture and mineral water.","breadcrumb":{"@id":"https:\/\/www.grupofuertes.com\/en\/business-areas\/agro-food-core\/#breadcrumb"},"inLanguage":"en-US","potentialAction":[{"@type":"ReadAction","target":["https:\/\/www.grupofuertes.com\/en\/business-areas\/agro-food-core\/"]}]},{"@type":"BreadcrumbList","@id":"https:\/\/www.grupofuertes.com\/en\/business-areas\/agro-food-core\/#breadcrumb","itemListElement":[{"@type":"ListItem","position":1,"name":"Home","item":"https:\/\/www.grupofuertes.com\/en\/"},{"@type":"ListItem","position":2,"name":"Business areas","item":"https:\/\/www.grupofuertes.com\/en\/business-areas\/"},{"@type":"ListItem","position":3,"name":"Agro-food core"}]},{"@type":"WebSite","@id":"https:\/\/www.grupofuertes.com\/#website","url":"https:\/\/www.grupofuertes.com\/","name":"Grupo Fuertes | Grupo Empresarial Fuertes.","description":"Web del Grupo Fuertes. L\u00edderes en Inversi\u00f3n Agroalimentaria y Diversificaci\u00f3n Empresarial.","publisher":{"@id":"https:\/\/www.grupofuertes.com\/#organization"},"potentialAction":[{"@type":"SearchAction","target":{"@type":"EntryPoint","urlTemplate":"https:\/\/www.grupofuertes.com\/?s={search_term_string}"},"query-input":{"@type":"PropertyValueSpecification","valueRequired":true,"valueName":"search_term_string"}}],"inLanguage":"en-US"},{"@type":"Organization","@id":"https:\/\/www.grupofuertes.com\/#organization","name":"Grupo Fuertes","url":"https:\/\/www.grupofuertes.com\/","logo":{"@type":"ImageObject","inLanguage":"en-US","@id":"https:\/\/www.grupofuertes.com\/#\/schema\/logo\/image\/","url":"https:\/\/www.grupofuertes.com\/wp-content\/uploads\/2017\/01\/logo-grupo-fuertes.jpg","contentUrl":"https:\/\/www.grupofuertes.com\/wp-content\/uploads\/2017\/01\/logo-grupo-fuertes.jpg","width":1252,"height":1106,"caption":"Grupo Fuertes"},"image":{"@id":"https:\/\/www.grupofuertes.com\/#\/schema\/logo\/image\/"}}]}},"_links":{"self":[{"href":"https:\/\/www.grupofuertes.com\/en\/wp-json\/wp\/v2\/pages\/513","targetHints":{"allow":["GET"]}}],"collection":[{"href":"https:\/\/www.grupofuertes.com\/en\/wp-json\/wp\/v2\/pages"}],"about":[{"href":"https:\/\/www.grupofuertes.com\/en\/wp-json\/wp\/v2\/types\/page"}],"author":[{"embeddable":true,"href":"https:\/\/www.grupofuertes.com\/en\/wp-json\/wp\/v2\/users\/1"}],"replies":[{"embeddable":true,"href":"https:\/\/www.grupofuertes.com\/en\/wp-json\/wp\/v2\/comments?post=513"}],"version-history":[{"count":8,"href":"https:\/\/www.grupofuertes.com\/en\/wp-json\/wp\/v2\/pages\/513\/revisions"}],"predecessor-version":[{"id":893,"href":"https:\/\/www.grupofuertes.com\/en\/wp-json\/wp\/v2\/pages\/513\/revisions\/893"}],"up":[{"embeddable":true,"href":"https:\/\/www.grupofuertes.com\/en\/wp-json\/wp\/v2\/pages\/535"}],"wp:attachment":[{"href":"https:\/\/www.grupofuertes.com\/en\/wp-json\/wp\/v2\/media?parent=513"}],"curies":[{"name":"wp","href":"https:\/\/api.w.org\/{rel}","templated":true}]}}